{"id":13,"date":"2021-07-13T21:38:43","date_gmt":"2021-07-13T21:38:43","guid":{"rendered":"http:\/\/iwent.mielec.pl\/?page_id=13"},"modified":"2021-07-27T11:27:20","modified_gmt":"2021-07-27T11:27:20","slug":"klimatyzacja","status":"publish","type":"page","link":"http:\/\/iwent.mielec.pl\/?page_id=13","title":{"rendered":"Klimatyzacja"},"content":{"rendered":"\n<p>Prawid\u0142owo dzia\u0142aj\u0105ca klimatyzacja pozwala na utrzymywanie zadanych warunk\u00f3w klimatycznych czyli odpowiedniego zakresu temperatur i wilgotno\u015bci powietrza, zapewniaj\u0105cych dogodne warunki do pracy i funkcjonowania cz\u0142owieka lub optymalne warunki dla okre\u015blonego procesu przemys\u0142owego. Pozwala na wymian\u0119 powietrza i utrzymanie jego czysto\u015bci.<\/p>\n\n\n\n<p>Oferujemy kompleksowe rozwi\u0105zania klimatyzacyjne, kt\u00f3re pomog\u0105 by\u0107 stosowane zar\u00f3wno w obiektach mieszkalnych, biurowych, handlowych jak i w produkcyjnych.<\/p>\n\n\n\n<p>W\u00a0 naszej ofercie mo\u017cna znale\u017a\u0107 r\u00f3\u017cnego rodzaju klimatyzatory:<\/p>\n\n\n\n<p><\/p>\n\n\n\n<ul><li>klimatyzatory typu SPLIT (pojedyncza jednostka zewn\u0119trzna i wewn\u0119trzna klimatyzuj\u0105ca jedno pomieszczenie)<\/li><li>klimatyzatory typu MULTI SPLIT (rozbudowany zesp\u00f3\u0142 klimatyzacyjny, gdzie do pojedynczej jednostki zewn\u0119trznej mo\u017cna pod\u0142\u0105czy\u0107 kilka jednostek wewn\u0119trznych, klimatyzacja kilku pomieszcze\u0144 jednocze\u015bnie)<\/li><li>klimatyzatory typu VRV (inteligentny system klimatyzacyjny, gdzie do pojedynczej jednostki zewn\u0119trznej mo\u017cna pod\u0142\u0105czy\u0107 kilkana\u015bcie jednostek wewn\u0119trznych)<\/li><\/ul>\n\n\n\n<p>Projektujemy oraz dokonujemy monta\u017cu instalacji klimatyzator\u00f3w kana\u0142owych, kasetonowych, \u015bciennych, przypod\u0142ogowo-podsufitowych oraz okiennych.\u00a0<\/p>\n\n\n\n<p>Oferujemy klimatyzatory grzewczo-ch\u0142odz\u0105ce b\u0105d\u017a tylko z opcj\u0105 ch\u0142odzenia, klimatyzatory klasyczne lub inwerterowe.<\/p>\n\n\n\n<p>Oferujemy fachowe doradztwo techniczne, pomoc w doborze odpowiednich urz\u0105dze\u0144, proponujemy rozwi\u0105zania \u015bci\u015ble dopasowane do indywidualnych potrzeb. Wykonujemy projekty, kosztorysy, pomiary, monta\u017c oraz serwis i konserwacj\u0119 instalacji klimatyzacyjnych.<\/p>\n\n\n\n<p>Proponujemy klimatyzatory renomowanych firm t.j. Fujitsu, Haier, LG, ARTEL, MDV<\/p>\n\n\n\n<p><br><img decoding=\"async\" loading=\"lazy\" width=\"133\" height=\"68\" src=\"https:\/\/lh3.googleusercontent.com\/5JLDBKe23N24WP2lwqib_T0Ebc0VSagu66bDSC4orm95BqwmUGcqAH_zNW_ffSUwBejgkdm91Q9bE5AXdLe5wrm7kFPQ3RTWTppXm2SMffZyI5HBP6PaVnEccut3KFc_cC4kGXk\"><img decoding=\"async\" loading=\"lazy\" width=\"131\" height=\"76\" src=\"https:\/\/lh4.googleusercontent.com\/uF2WBJFn9feivurGvoF7nyYMOvKzRfvmY9V-i7IIr5ckaHIKGKUNsRS-VGo-nvImzlWGnkqx4GWQyjI-PZC23xyMS_V7DTSN0XM3zAyJ4GNEDjB5WT5TZLt8J3bE84KX06q1tsM\"><img decoding=\"async\" loading=\"lazy\" width=\"138\" height=\"75\" src=\"https:\/\/lh3.googleusercontent.com\/Tk_4C7R5G6FEEkKZkPMkf_-StEizCxUlQmSlPmWsivydSTdq_i6gtufQ_GD45FjOETzkrJ4386klc0DkDofnZkoJNbz1Y7Twn6SalMJs4lOim0ipuvEAuABHzVXhF7Y-w7U-mm8\"><img decoding=\"async\" loading=\"lazy\" width=\"141\" height=\"79\" src=\"https:\/\/lh4.googleusercontent.com\/JhSEbfbjp0-5noD3NK1N6QZxJH5cd2t7pcf7Sgf2rp5HHJau6o42JIWbz8Q7ssEESbvN-j1BTcHEYaaVyj01g4sWtR8ZNeAQqXaKJ-KevIU1rWh2mKRb-1-EGG7GXPGGKr5qJj0\"><img decoding=\"async\" loading=\"lazy\" width=\"199\" height=\"51\" src=\"https:\/\/lh5.googleusercontent.com\/OxXoDxu_WG10HjjOp0DcF9eHaDG0slTZfnontS3o2AcRKoKWX9_nubE5s9toIqhOP5Lp2t6Ioh55NcEjcwmUk1S-k3-UUwPF95kzMz9N77WMjpv4s6suNHHIQTTDz1BHO81Ddjw\"><\/p>\n","protected":false},"excerpt":{"rendered":"<p>Prawid\u0142owo dzia\u0142aj\u0105ca klimatyzacja pozwala na utrzymywanie zadanych warunk\u00f3w klimatycznych czyli odpowiedniego zakresu temperatur i wilgotno\u015bci powietrza, zapewniaj\u0105cych dogodne warunki do pracy [&hellip;]<\/p>\n","protected":false},"author":1,"featured_media":0,"parent":0,"menu_order":0,"comment_status":"closed","ping_status":"closed","template":"","meta":{"footnotes":""},"_links":{"self":[{"href":"http:\/\/iwent.mielec.pl\/index.php?rest_route=\/wp\/v2\/pages\/13"}],"collection":[{"href":"http:\/\/iwent.mielec.pl\/index.php?rest_route=\/wp\/v2\/pages"}],"about":[{"href":"http:\/\/iwent.mielec.pl\/index.php?rest_route=\/wp\/v2\/types\/page"}],"author":[{"embeddable":true,"href":"http:\/\/iwent.mielec.pl\/index.php?rest_route=\/wp\/v2\/users\/1"}],"replies":[{"embeddable":true,"href":"http:\/\/iwent.mielec.pl\/index.php?rest_route=%2Fwp%2Fv2%2Fcomments&post=13"}],"version-history":[{"count":2,"href":"http:\/\/iwent.mielec.pl\/index.php?rest_route=\/wp\/v2\/pages\/13\/revisions"}],"predecessor-version":[{"id":92,"href":"http:\/\/iwent.mielec.pl\/index.php?rest_route=\/wp\/v2\/pages\/13\/revisions\/92"}],"wp:attachment":[{"href":"http:\/\/iwent.mielec.pl\/index.php?rest_route=%2Fwp%2Fv2%2Fmedia&parent=13"}],"curies":[{"name":"wp","href":"https:\/\/api.w.org\/{rel}","templated":true}]}}