{"id":15,"date":"2021-07-13T21:39:18","date_gmt":"2021-07-13T21:39:18","guid":{"rendered":"http:\/\/iwent.mielec.pl\/?page_id=15"},"modified":"2021-07-27T11:49:12","modified_gmt":"2021-07-27T11:49:12","slug":"sklep","status":"publish","type":"page","link":"http:\/\/iwent.mielec.pl\/?page_id=15","title":{"rendered":"Sklep"},"content":{"rendered":"\n<p><strong>W sta\u0142ej ofercie magazynowej posiadamy szerok\u0105 gam\u0119 materia\u0142\u00f3w i urz\u0105dze\u0144 oraz element\u00f3w wykorzystywanych do monta\u017cu oraz eksploatacji instalacji wodnej, kanalizacyjnej, gazowej i centralnego ogrzewania. Wsp\u00f3\u0142pracujemy ze znanymi i renomowanymi producentami, dostarczaj\u0105c produkty wysokiej jako\u015bci, posiadaj\u0105ce certyfikaty i atesty, w atrakcyjnych cenach.<\/strong><\/p>\n\n\n\n<p><strong>Oferujemy fachowe doradztwo techniczne, pomoc w doborze odpowiednich materia\u0142\u00f3w i urz\u0105dze\u0144, proponujemy rozwi\u0105zania \u015bci\u015ble dopasowane do indywidualnych potrzeb.\u00a0<\/strong><\/p>\n\n\n\n<p><strong>Proponujemy materia\u0142y do instalacji wodnej, kanalizacyjnej, gazowej i centralnego ogrzewania t.j.:<\/strong><\/p>\n\n\n\n<ul><li><strong>Ceramika i armatura \u0142azienkowa (umywalki, stela\u017ce, WC, kabiny prysznicowe, brodziki, wanny, baterie)<\/strong><\/li><li><strong>Armatura wodna i gazowa (zawory kulowe, czerpalne, zwrotne, przelotowe, kszta\u0142tki mosi\u0119\u017cne, z\u0142\u0105czki, kolanka, tr\u00f3jniki, tuleje, mufy)<\/strong><\/li><li><strong>Technika grzewcza (grzejniki, podgrzewacze wody, wymienniki i zasobniki, kot\u0142y centralnego ogrzewania, pompy ciep\u0142a, kot\u0142y peletowe, nagrzewnice i kurtyny powietrza)<\/strong><\/li><li><strong>Systemy kanalizacyjne sanitarne i deszczowe (rury i kszta\u0142tki do kanalizacji wewn\u0119trznej i zewn\u0119trznej, studnie kanalizacyjne)<\/strong><\/li><\/ul>\n\n\n\n<p><br><img decoding=\"async\" loading=\"lazy\" width=\"165\" height=\"81\" src=\"https:\/\/lh4.googleusercontent.com\/1iiYitbkuX-eLPHo6Lb99xjuZSqZCQ33yWNv-71LxSUiZqL31WdbyGo-3PDAxfXIXR1RvC4QRmzMSPaHtuCvCcutJ_VqhnU7xcGTnTW5OKI84lS3y9ekKNvX1i1wvWAJpIybShc\"><img decoding=\"async\" loading=\"lazy\" width=\"175\" height=\"57\" src=\"https:\/\/lh6.googleusercontent.com\/cvB7yVdr7zE_hAl00v2pTQVdXkhRAX8SKzECF4ZTfawrfbMDd0KXeyoPcjKKGnPxvliDRc-Vxu1JsG_OsdEyhqHtO3Sp1B1RNbF1IQiOe7qzrwW7baInaafz7pGdjRrNWGo37HA\"><img decoding=\"async\" loading=\"lazy\" width=\"148\" height=\"70\" src=\"https:\/\/lh3.googleusercontent.com\/95DrKZ4FQXZLoC-O5kqJWRPmbs62IFl7Np-nWK5fcLp-lBpllhAbXrgbomOSvLHom4jrmbOAF-D1tZOAxHNkexnpVorqo79cnvMqgE1h8_PaDmCQYhX-0ZKD1_e6s4IYo6IJnyY\"><img decoding=\"async\" loading=\"lazy\" width=\"138\" height=\"78\" src=\"https:\/\/lh5.googleusercontent.com\/8lauEtup-_fHMrnTHuqHq5JYQmd_xaQlR9NE_eZiHBZY7yI11VMF824x1w2dImGWR1vYE5dL-ImBFYYjpUHpytY0X94OHhVNmQlBHZgroNSe9_UN31I3nS3U80rdUrjKxz44QQQ\"><img decoding=\"async\" loading=\"lazy\" width=\"171\" height=\"72\" src=\"https:\/\/lh5.googleusercontent.com\/uuxTitUgHZG0VHcyvEwR-Hsfb-8-v9j5iCzlRAnUcyvQ57ZeA9z-SAyXpq6MkETTAASjN3d2SlH-a5MsHCdrrNSywMCz53y7HG0VjhumSQyvbJzb4qzHyUF90BPl92bUJd7d_GI\"><img decoding=\"async\" loading=\"lazy\" width=\"165\" height=\"60\" src=\"https:\/\/lh3.googleusercontent.com\/0r_3CUojoPEtcLZhzUuQU5YwsD6_lmSgpG9D8PWmNuimsmcIBHueE-fnAHzl5-hPf_hU9iAeQNpl9TSPU2ermJmzi3wwzOdwwBHF-JhQDPXz1g93ZrduJ72_HqOlhDVaOAwQV9w\"><img decoding=\"async\" loading=\"lazy\" width=\"167\" height=\"69\" src=\"https:\/\/lh6.googleusercontent.com\/y_mXJnAxOLIvfV4AzhhoYSixCWNK7OFkWA2wICtDdx4O0huapqCdeW1ZJMybipb77peYJRG71XGQEWC9AKhSIrlFGbpny68KnuCMynHtjKX169uAD5gPk7GJwpafbT2qJxu2PaU\"><img decoding=\"async\" loading=\"lazy\" width=\"131\" height=\"56\" src=\"https:\/\/lh5.googleusercontent.com\/I0egmvhYFGv143y0TGrA3QA7KVtauKj1nDhO98V82wqZT8xP6JoiGwu02V39cFHvMXJz7KpDz9cdyR7WGkAVSdGRqOpl69sT-_58O_nFYFF0etTWJhGbS1MC2-xoUwWnrB6sck8\"><img decoding=\"async\" loading=\"lazy\" width=\"162\" height=\"60\" src=\"https:\/\/lh5.googleusercontent.com\/TO-3o5Q5O-Ib3EbeQSRl-0x0A3EnNbhpbNwL9_bw-zBNy6Bw8uI97ZAN9Mwu6VDT6Nj8MXziZFPeFS_HiqIwzBmx0J4qZD9ckq9K2oJZPaymokOF87iHHn3PvIBNeHSiaovEvP0\"><img decoding=\"async\" loading=\"lazy\" width=\"209\" height=\"86\" src=\"https:\/\/lh5.googleusercontent.com\/02iwS8n6_Yiqs1mLSVoKg2_xDgbEv2SYUGWtAk3mOcjYRcesLHxiEdf6M_6eSD2RmjsMQ-KBU33Qsz-6LRrbYoC3infixG4bya6cPcP98URcZ-aq1pLGytQ72yasNyKT4YG_X-c\"><img decoding=\"async\" loading=\"lazy\" width=\"143\" height=\"60\" src=\"https:\/\/lh4.googleusercontent.com\/kZqqPtUFLzJB4DmXryZ5_0xN5-lcwev7FfSRlYhzoYiJjpD9bVjFSodHsY-E0QvwqiZrgIdju2n992aUr7f3QNm3CR6a99khF4PmFAhiC2J5oUMPB_gERhv5lWfC-veEcO_-mcQ\"><img decoding=\"async\" loading=\"lazy\" width=\"194\" height=\"64\" src=\"https:\/\/lh4.googleusercontent.com\/kAxS_xbGHCBmT_NxHc9ly5UdFHs6fLCx7sOSunulqK5h7kGsGE4q9s05QJWc6rFybz5kOXZAfyBBdoheu-btMZfu7pRnmGhxezt1vCuNDWlWGoLDT5SXrgERsAA3PG50ZLju0lw\"><img decoding=\"async\" loading=\"lazy\" width=\"193\" height=\"67\" src=\"https:\/\/lh4.googleusercontent.com\/AbcXNyN385qLdY8Ocao8PbwuK9wBm0G7x7oJbXfthLE7L_rPFZ9rdi6Cm_VW63GRTHzolAqO9WK5sQu0LOs34SxPJY1XX4ELinZloy9wOBX7wjLwLlr-zw6ULUIF1k3qOUjtn8A\"><img decoding=\"async\" loading=\"lazy\" width=\"203\" height=\"59\" src=\"https:\/\/lh4.googleusercontent.com\/Jyw5Ox0D8R_vCVDkNaEosRUsdujHnzedInxX4BT3ycdndWhSkOKBUHIfezOTvewTyVTp8l6O_iPBzFftdV-DurbWOS8l1vduLilQmZJttpFpDIPZdKVzLmEIcq-gczhJo3w2TWQ\"><\/p>\n\n\n\n<p><strong>Wieloletnie&nbsp; do\u015bwiadczenie na rynku, du\u017ca ilo\u015b\u0107 zrealizowanych zam\u00f3wie\u0144, szeroka oferta produktowa, szybka realizacja zam\u00f3wie\u0144, profesjonalna pomoc techniczna, odbyte szkolenia techniczno-handlowe stanowi\u0105 rzeteln\u0105 rekomendacj\u0119 dzia\u0142alno\u015bci Sklepu.&nbsp;<\/strong><\/p>\n","protected":false},"excerpt":{"rendered":"<p>W sta\u0142ej ofercie magazynowej posiadamy szerok\u0105 gam\u0119 materia\u0142\u00f3w i urz\u0105dze\u0144 oraz element\u00f3w wykorzystywanych do monta\u017cu oraz eksploatacji instalacji wodnej, kanalizacyjnej, gazowej [&hellip;]<\/p>\n","protected":false},"author":1,"featured_media":0,"parent":0,"menu_order":0,"comment_status":"closed","ping_status":"closed","template":"","meta":{"footnotes":""},"_links":{"self":[{"href":"http:\/\/iwent.mielec.pl\/index.php?rest_route=\/wp\/v2\/pages\/15"}],"collection":[{"href":"http:\/\/iwent.mielec.pl\/index.php?rest_route=\/wp\/v2\/pages"}],"about":[{"href":"http:\/\/iwent.mielec.pl\/index.php?rest_route=\/wp\/v2\/types\/page"}],"author":[{"embeddable":true,"href":"http:\/\/iwent.mielec.pl\/index.php?rest_route=\/wp\/v2\/users\/1"}],"replies":[{"embeddable":true,"href":"http:\/\/iwent.mielec.pl\/index.php?rest_route=%2Fwp%2Fv2%2Fcomments&post=15"}],"version-history":[{"count":4,"href":"http:\/\/iwent.mielec.pl\/index.php?rest_route=\/wp\/v2\/pages\/15\/revisions"}],"predecessor-version":[{"id":96,"href":"http:\/\/iwent.mielec.pl\/index.php?rest_route=\/wp\/v2\/pages\/15\/revisions\/96"}],"wp:attachment":[{"href":"http:\/\/iwent.mielec.pl\/index.php?rest_route=%2Fwp%2Fv2%2Fmedia&parent=15"}],"curies":[{"name":"wp","href":"https:\/\/api.w.org\/{rel}","templated":true}]}}